{"id":1752,"date":"2025-10-03T08:17:26","date_gmt":"2025-10-03T06:17:26","guid":{"rendered":"https:\/\/presentatuweb.es\/?page_id=1752"},"modified":"2025-10-07T13:38:32","modified_gmt":"2025-10-07T11:38:32","slug":"declaracion-de-accesibilidad","status":"publish","type":"page","link":"https:\/\/aluminisaba.com\/ca\/declaracion-de-accesibilidad\/","title":{"rendered":"Declaraci\u00f3 d'accessibilitat"},"content":{"rendered":"<div class=\"wp-block-uagb-container uagb-block-7c16f2d0 alignfull uagb-is-root-container\"><div class=\"uagb-container-inner-blocks-wrap\">\n<h2 class=\"wp-block-heading\">DECLARACI\u00d3 D'ACCESSIBILITAT<\/h2>\n\n\n\n<h4 class=\"wp-block-heading\"><strong>www.aluminisaba.com<\/strong><\/h4>\n\n\n\n<h4 class=\"wp-block-heading\"><strong>Situaci\u00f3 de compliment<\/strong><\/h4>\n\n\n\n<p>Aluminisaba SLU (d'ara endavant, tamb\u00e9 Lloc Web) \u00e9s parcialment conforme amb el Reial Decret 1112\/2018, de 7 de setembre, a causa de la manca de conformitat dels aspectes que s'indiquen a continuaci\u00f3.<\/p>\n\n\n\n<h4 class=\"wp-block-heading\"><strong>Contingut no accessible<\/strong><\/h4>\n\n\n\n<p>El contingut que es recull a continuaci\u00f3 no \u00e9s accessible pels motius seg\u00fcents:<\/p>\n\n\n\n<p class=\"translation-block\"><strong>a. Manca de conformitat amb el RD 1112\/2018:<\/strong> No aplica. Compleix el 100% dels criteris daccessibilitat web.<\/p>\n\n\n\n<p class=\"translation-block\"><strong>b. C\u00e0rrega desproporcionada:<\/strong> No s'aplica.<\/p>\n\n\n\n<p><strong>c. Contingut no entra dins l'\u00e0mbit de la legislaci\u00f3 aplicable:<\/strong><\/p>\n\n\n\n<ul class=\"wp-block-list\">\n<li>Poden existir fitxers d'ofim\u00e0tica en PDF i altres formats publicats abans del 20 de setembre de 2018 que no compleixin totalment tots els requisits d'accessibilitat. Tot i que s'ha procurat que la majoria s\u00ed que ho compleixin.<\/li>\n\n\n\n<li>Hi pot haver continguts de tercers que no estiguin desenvolupats en aquesta Unitat ni sota el seu control com imatges, mapes interactius, v\u00eddeos, documents, reproductors, etc.<\/li>\n\n\n\n<li>Poden existir fitxers pregravats publicats abans del 20 de setembre de 2018 que no compleixin en la seva totalitat tots els requisits d'accessibilitat.<\/li>\n\n\n\n<li>Parts o la totalitat del lloc web pot estar creat amb un CMS (WordPress, Shopify, PrestaShop, etc), per la qual cosa degut a alguna actualitzaci\u00f3 o canvi en els sistemes, potser no tot el contingut generat o autogenerat compleixi totes les normatives d'accessibilitat.<\/li>\n<\/ul>\n\n\n\n<p><\/p>\n\n\n\n<h4 class=\"wp-block-heading\"><strong>Preparaci\u00f3 d'aquesta declaraci\u00f3 d'accessibilitat<\/strong><\/h4>\n\n\n\n<p>Aquesta declaraci\u00f3 va ser preparada el dia 02\/10\/2025<\/p>\n\n\n\n<p>El m\u00e8tode emprat per preparar la declaraci\u00f3 ha estat una autoavaluaci\u00f3 duta a terme per la pr\u00f2pia empresa.<\/p>\n\n\n\n<p>\u00daltima revisi\u00f3 de la declaraci\u00f3: 02\/10\/2025<\/p>\n\n\n\n<h4 class=\"wp-block-heading\"><strong>Observacions i dades de contacte<\/strong><\/h4>\n\n\n\n<p>Podeu realitzar comunicacions sobre requisits d'accessibilitat (article 10.2.a del Reial decret 1112\/2018, de 7 de setembre) com, per exemple:<\/p>\n\n\n\n<ul class=\"wp-block-list\">\n<li>Informar sobre qualsevol possible incompliment per part daquest lloc web.<\/li>\n\n\n\n<li>Transmetre altres dificultats dacc\u00e9s al contingut.<\/li>\n\n\n\n<li>Formular qualsevol altra consulta o suggeriment de millora relativa a laccessibilitat del lloc web.<\/li>\n<\/ul>\n\n\n\n<p><\/p>\n\n\n\n<p>A trav\u00e9s de les vies seg\u00fcents:<\/p>\n\n\n\n<ul class=\"wp-block-list\">\n<li>Correu electr\u00f2nic: info@aluminisaba.com<\/li>\n\n\n\n<li>Tel\u00e8fon: 607861729<\/li>\n<\/ul>\n\n\n\n<p><\/p>\n\n\n\n<p>Acord a l'article 10.2.b del RD 1112\/2018, tamb\u00e9 hi pots presentar:<\/p>\n\n\n\n<ul class=\"wp-block-list\">\n<li>Una queixa relativa al compliment dels requisits del RD 1112\/2018.<\/li>\n\n\n\n<li>Una sol\u00b7licitud d'informaci\u00f3 accessible relativa a:<\/li>\n<\/ul>\n\n\n\n<ul class=\"wp-block-list\">\n<li>Continguts que estan exclosos de l\u00e0mbit daplicaci\u00f3 del RD 1112\/2018 segons el que estableix larticle 3, apartat 4.<\/li>\n\n\n\n<li>Continguts que estan exempts del compliment dels requisits daccessibilitat per imposar una c\u00e0rrega desproporcionada.<\/li>\n<\/ul>\n\n\n\n<p><\/p>\n\n\n\n<p>A la Sol\u00b7licitud d'informaci\u00f3 accessible, cal concretar, amb tota claredat, els fets, les raons i la petici\u00f3 que permetin constatar que es tracta d'una sol\u00b7licitud raonable i leg\u00edtima.<\/p>\n\n\n\n<p>Les comunicacions seran rebudes i tractades per l'adre\u00e7a de l'empresa com a unitat responsable dels continguts d'aquest lloc web.<\/p>\n\n\n\n<h4 class=\"wp-block-heading\"><strong>Contingut opcional<\/strong><\/h4>\n\n\n\n<p>La versi\u00f3 actualment visible d'aquest lloc web \u00e9s del dia 02\/10\/2025 i en aquesta data es va fer la revisi\u00f3 del nivell d'accessibilitat vigent en aquell moment.<\/p>\n\n\n\n<p>A partir de la data esmentada es duen a terme revisions parcials di\u00e0ries del contingut web nou o modificat, tant de les plantilles com de les p\u00e0gines i documents finals publicats, a fi d'assegurar el compliment dels requeriments d'accessibilitat de la Norma UNE-EN 301549:2022, considerant les excepcions del Reial decret 1112\/7 de setembre.<\/p>\n\n\n\n<p>Entre altres, s'adopten les mesures seg\u00fcents per facilitar l'accessibilitat:<\/p>\n\n\n\n<ul class=\"wp-block-list\">\n<li>Utilitzaci\u00f3 de text alternatiu a les imatges.<\/li>\n\n\n\n<li>Els enlla\u00e7os ofereixen detalls de la funci\u00f3 o dest\u00ed de l'hiperenlla\u00e7.<\/li>\n\n\n\n<li>\u00das dels est\u00e0ndards del W3C: XHTML 1.0, CSS 3.0, WAI AA.<\/li>\n<\/ul>\n\n\n\n<p><\/p>\n\n\n\n<h4 class=\"wp-block-heading\"><strong>Compatibilitat<\/strong><\/h4>\n\n\n\n<p>El lloc web:<\/p>\n\n\n\n<ul class=\"wp-block-list\">\n<li>s'ha dissenyat adaptant-se als est\u00e0ndards i normatives vigents en relaci\u00f3 a l'accessibilitat, complint amb els punts de verificaci\u00f3 de prioritat 2 (AA) definits a l'especificaci\u00f3 de Pautes d'Accessibilitat al Contingut al Web (WCAG 2.1)<\/li>\n\n\n\n<li>est\u00e0 optimitzat per a les darreres versions vigents de Chrome, Edge, Firefox, Safari i Opera<\/li>\n\n\n\n<li>est\u00e0 dissenyat per a la correcta visualitzaci\u00f3 en qualsevol resoluci\u00f3 i dispositiu d'escriptori, tauletes o m\u00f2bils (disseny responsive)<\/li>\n\n\n\n<li>s'ha realitzat utilitzant HTML5 com a llenguatge de marcatge i fulls d'estil CSS 3 pel disseny.<\/li>\n<\/ul>\n\n\n\n<p><\/p>\n\n\n\n<p>A m\u00e9s, es fa un treball continu d'auditoria i revisi\u00f3 de continguts per facilitar-ne la interpretaci\u00f3 i millorar la navegaci\u00f3 pel portal web.<\/p>\n<\/div><\/div>","protected":false},"excerpt":{"rendered":"<p>DECLARACI\u00d3N DE ACCESIBILIDAD www.aluminisaba.com Situaci\u00f3n de cumplimiento Aluminisaba SLU (en adelante, tambi\u00e9n Sitio Web) es parcialmente conforme con el Real [&hellip;]<\/p>\n","protected":false},"author":4,"featured_media":0,"parent":0,"menu_order":0,"comment_status":"closed","ping_status":"closed","template":"","meta":{"_uag_custom_page_level_css":"","_monsterinsights_skip_tracking":false,"_monsterinsights_sitenote_active":false,"_monsterinsights_sitenote_note":"","_monsterinsights_sitenote_category":0,"site-sidebar-layout":"default","site-content-layout":"","ast-site-content-layout":"default","site-content-style":"default","site-sidebar-style":"default","ast-global-header-display":"","ast-banner-title-visibility":"","ast-main-header-display":"","ast-hfb-above-header-display":"","ast-hfb-below-header-display":"","ast-hfb-mobile-header-display":"","site-post-title":"disabled","ast-breadcrumbs-content":"","ast-featured-img":"","footer-sml-layout":"","ast-disable-related-posts":"","theme-transparent-header-meta":"","adv-header-id-meta":"","stick-header-meta":"","header-above-stick-meta":"","header-main-stick-meta":"","header-below-stick-meta":"","astra-migrate-meta-layouts":"default","ast-page-background-enabled":"default","ast-page-background-meta":{"desktop":{"background-color":"var(--ast-global-color-4)","background-image":"","background-repeat":"repeat","background-position":"center center","background-size":"auto","background-attachment":"scroll","background-type":"","background-media":"","overlay-type":"","overlay-color":"","overlay-opacity":"","overlay-gradient":""},"tablet":{"background-color":"","background-image":"","background-repeat":"repeat","background-position":"center center","background-size":"auto","background-attachment":"scroll","background-type":"","background-media":"","overlay-type":"","overlay-color":"","overlay-opacity":"","overlay-gradient":""},"mobile":{"background-color":"","background-image":"","background-repeat":"repeat","background-position":"center center","background-size":"auto","background-attachment":"scroll","background-type":"","background-media":"","overlay-type":"","overlay-color":"","overlay-opacity":"","overlay-gradient":""}},"ast-content-background-meta":{"desktop":{"background-color":"var(--ast-global-color-5)","background-image":"","background-repeat":"repeat","background-position":"center center","background-size":"auto","background-attachment":"scroll","background-type":"","background-media":"","overlay-type":"","overlay-color":"","overlay-opacity":"","overlay-gradient":""},"tablet":{"background-color":"var(--ast-global-color-5)","background-image":"","background-repeat":"repeat","background-position":"center center","background-size":"auto","background-attachment":"scroll","background-type":"","background-media":"","overlay-type":"","overlay-color":"","overlay-opacity":"","overlay-gradient":""},"mobile":{"background-color":"var(--ast-global-color-5)","background-image":"","background-repeat":"repeat","background-position":"center center","background-size":"auto","background-attachment":"scroll","background-type":"","background-media":"","overlay-type":"","overlay-color":"","overlay-opacity":"","overlay-gradient":""}},"footnotes":""},"class_list":["post-1752","page","type-page","status-publish","hentry"],"aioseo_notices":[],"uagb_featured_image_src":{"full":false,"thumbnail":false,"medium":false,"medium_large":false,"large":false,"1536x1536":false,"2048x2048":false,"trp-custom-language-flag":false},"uagb_author_info":{"display_name":"Quel","author_link":"https:\/\/aluminisaba.com\/ca\/author\/cmoi5zscg9va\/"},"uagb_comment_info":0,"uagb_excerpt":"DECLARACI\u00d3N DE ACCESIBILIDAD www.aluminisaba.com Situaci\u00f3n de cumplimiento Aluminisaba SLU (en adelante, tambi\u00e9n Sitio Web) es parcialmente conforme con el Real [&hellip;]","_links":{"self":[{"href":"https:\/\/aluminisaba.com\/ca\/wp-json\/wp\/v2\/pages\/1752","targetHints":{"allow":["GET"]}}],"collection":[{"href":"https:\/\/aluminisaba.com\/ca\/wp-json\/wp\/v2\/pages"}],"about":[{"href":"https:\/\/aluminisaba.com\/ca\/wp-json\/wp\/v2\/types\/page"}],"author":[{"embeddable":true,"href":"https:\/\/aluminisaba.com\/ca\/wp-json\/wp\/v2\/users\/4"}],"replies":[{"embeddable":true,"href":"https:\/\/aluminisaba.com\/ca\/wp-json\/wp\/v2\/comments?post=1752"}],"version-history":[{"count":14,"href":"https:\/\/aluminisaba.com\/ca\/wp-json\/wp\/v2\/pages\/1752\/revisions"}],"predecessor-version":[{"id":1871,"href":"https:\/\/aluminisaba.com\/ca\/wp-json\/wp\/v2\/pages\/1752\/revisions\/1871"}],"wp:attachment":[{"href":"https:\/\/aluminisaba.com\/ca\/wp-json\/wp\/v2\/media?parent=1752"}],"curies":[{"name":"wp","href":"https:\/\/api.w.org\/{rel}","templated":true}]}}