{"id":1741,"date":"2025-10-03T08:05:33","date_gmt":"2025-10-03T06:05:33","guid":{"rendered":"https:\/\/presentatuweb.es\/?page_id=1741"},"modified":"2025-10-09T10:27:07","modified_gmt":"2025-10-09T08:27:07","slug":"aviso-legal","status":"publish","type":"page","link":"https:\/\/aluminisaba.com\/ca\/aviso-legal\/","title":{"rendered":"Av\u00eds Legal"},"content":{"rendered":"<div class=\"wp-block-uagb-container uagb-block-7c16f2d0 alignfull uagb-is-root-container\"><div class=\"uagb-container-inner-blocks-wrap\">\n<h2 class=\"wp-block-heading\">AV\u00cdS LEGAL I CONDICIONS GENERALS D'\u00daS<\/h2>\n\n\n\n<h4 class=\"wp-block-heading\"><strong>www.aluminisaba.com<\/strong><\/h4>\n\n\n\n<h3 class=\"wp-block-heading\"><strong>I. INFORMACI\u00d3 GENERAL<\/strong><\/h3>\n\n\n\n<p>En compliment amb el deure informaci\u00f3 disposat a la Llei 34\/2002 de Serveis de la Societat de la Informaci\u00f3 i el Comer\u00e7 Electr\u00f2nic (LSSI-CE) d'11 de juliol, es faciliten a continuaci\u00f3 les dades d'informaci\u00f3 general d'aquest lloc web seg\u00fcents:<\/p>\n\n\n\n<p>La titularitat d'aquest lloc web, www.aluminisaba.com, (d'ara endavant, Lloc Web) l'ostenta: AluminiSaba SLU, prove\u00efda de NIF: B56823149 i inscrita a: AluminiSaba SLU amb les dades registrals seg\u00fcents: , el representant de les quals \u00e9s: Ra\u00fal S\u00e1nchez Barba, i les dades de contacte de les quals s\u00f3n<\/p>\n\n\n\n<p>Adre\u00e7a: C\/ Finestrelles n\u00ba61 CP:08033 Barcelona<\/p>\n\n\n\n<p>Tel\u00e9fono de contacto: 607861729<\/p>\n\n\n\n<p>Email de contacte: info@aluminisaba.com<\/p>\n\n\n\n<h3 class=\"wp-block-heading\"><strong>II. TERMES I CONDICIONS GENERALS D'\u00daS<\/strong><\/h3>\n\n\n\n<h4 class=\"wp-block-heading\"><strong>L'objecte de les condicions: El Lloc Web<\/strong><\/h4>\n\n\n\n<p>L'objecte d'aquestes Condicions Generals d'\u00das (d'ara endavant, Condicions) \u00e9s regular l'acc\u00e9s i la utilitzaci\u00f3 del Lloc Web. Als efectes de les presents Condicions s'entendr\u00e0 com a Lloc Web: l'aparen\u00e7a externa de les interf\u00edcies de pantalla, tant de forma est\u00e0tica com de forma din\u00e0mica, \u00e9s a dir, l'arbre de navegaci\u00f3; i tots els elements integrats tant a les interf\u00edcies de pantalla com a l'arbre de navegaci\u00f3 (d'ara endavant, Continguts) i tots aquells serveis o recursos en l\u00ednia que si escau ofereixi als Usuaris (d'ara endavant, Serveis).<\/p>\n\n\n\n<p>AluminiSaba SLU es reserva la facultat de modificar, en qualsevol moment, i sense av\u00eds previ, la presentaci\u00f3 i configuraci\u00f3 del Lloc Web i dels Continguts i Serveis que hi poguessin estar incorporats. L'Usuari reconeix i accepta que en qualsevol moment AluminiSaba SLU pugui interrompre, desactivar i\/o cancel\u00b7lar qualsevol d'aquests elements que s'integren al Lloc Web o accedir-hi.<\/p>\n\n\n\n<p>L'acc\u00e9s al Lloc Web per l'Usuari t\u00e9 car\u00e0cter lliure i, per regla general, \u00e9s gratu\u00eft sense que l'Usuari hagi de proporcionar una contraprestaci\u00f3 per poder gaudir-ne, llevat del cost de connexi\u00f3 a trav\u00e9s de la xarxa de telecomunicacions subministrada pel prove\u00efdor d'acc\u00e9s que hagi contractat l'Usuari.<\/p>\n\n\n\n<p>La utilitzaci\u00f3 d'algun dels continguts o serveis del lloc web es pot fer mitjan\u00e7ant la subscripci\u00f3 o el registre previ de l'usuari.<\/p>\n\n\n\n<h4 class=\"wp-block-heading\"><strong>L'Usuari<\/strong><\/h4>\n\n\n\n<p>L'acc\u00e9s, la navegaci\u00f3 i l'\u00fas del Lloc Web, aix\u00ed com pels espais habilitats per interactuar entre els Usuaris, i l'Usuari i AluminiSaba SLU, com els comentaris i\/o espais de blogging, confereix la condici\u00f3 d'Usuari, per la qual cosa s'accepten, des que s'inicia la navegaci\u00f3 pel Lloc legal, totes les Condicions aqu\u00ed establertes, aix\u00ed com les seves Condicions aqu\u00ed establertes, aix\u00ed com compliment segons el cas. Atesa la rellev\u00e0ncia de l'anterior, es recomana a l'Usuari llegir-les cada vegada que visiteu el Lloc Web.<\/p>\n\n\n\n<p>El Lloc Web d'AluminiSaba SLU proporciona una gran diversitat d'informaci\u00f3, serveis i dades. L'Usuari assumeix la seva responsabilitat per fer un \u00fas correcte del Lloc Web. Aquesta responsabilitat s'estendr\u00e0 a:<\/p>\n\n\n\n<ul class=\"wp-block-list\">\n<li>Un \u00fas de la informaci\u00f3, continguts i\/o serveis i dades ofertes per AluminiSaba SLU sense que sigui contrari al que disposen aquestes Condicions, la Llei, la moral o l'ordre p\u00fablic, o que de qualsevol altra manera puguin suposar lesi\u00f3 dels drets de tercers o del mateix funcionament del Lloc Web.<\/li>\n\n\n\n<li>La veracitat i licitud de les informacions aportades per l'Usuari als formularis estesos per AluminiSaba SLU per a l'acc\u00e9s a certs Continguts o Serveis oferts pel Lloc Web. En tot cas, l'Usuari notificar\u00e0 de forma immediata a AluminiSaba SLU sobre qualsevol fet que permeti l'\u00fas indegut de la informaci\u00f3 registrada en aquests formularis, com ara, per\u00f2 no nom\u00e9s, el robatori, la p\u00e8rdua, o l'acc\u00e9s no autoritzat a identificadors i\/o contrasenyes, per tal de procedir a cancel\u00b7lar-la immediatament.<\/li>\n<\/ul>\n\n\n\n<p><\/p>\n\n\n\n<p>AluminiSaba SLU es reserva el dret de retirar tots aquells comentaris i aportacions que vulnerin la llei, el respecte a la dignitat de la persona, que siguin discriminatoris, xen\u00f2fobs, racistes, pornogr\u00e0fics, spamming, que atemptin contra la joventut o la inf\u00e0ncia, l'ordre o la seguretat p\u00fablica o que, a parer seu, no resulta.<\/p>\n\n\n\n<p>En qualsevol cas, AluminiSaba SLU no ser\u00e0 responsable de les opinions abocades pels Usuaris a trav\u00e9s de comentaris o altres eines de blogging o de participaci\u00f3 que hi pugui haver.<\/p>\n\n\n\n<p>El mer acc\u00e9s a aquest Lloc Web no suposa entaular cap mena de relaci\u00f3 de car\u00e0cter comercial entre AluminiSaba SLU i l'Usuari.<\/p>\n\n\n\n<p>Sempre en el respecte de la legislaci\u00f3 vigent, aquest Lloc Web d'AluminiSaba SLU s'adre\u00e7a a totes les persones, sense importar-ne l'edat, que puguin accedir i\/o navegar per les p\u00e0gines del Lloc Web.<\/p>\n\n\n\n<p>El Lloc Web est\u00e0 dirigit principalment a Usuaris residents a Espanya. AluminiSaba SLU no assegura que el Lloc Web compleixi amb legislacions d'altres pa\u00efsos, ja sigui totalment o parcialment. Si l'Usuari resideix o t\u00e9 el seu domiciliat en un altre lloc i decideix accedir i\/o navegar al Lloc Web ho far\u00e0 sota la seva pr\u00f2pia responsabilitat, assegureu-vos que aquest acc\u00e9s i navegaci\u00f3 compleix amb la legislaci\u00f3 local que li \u00e9s aplicable, no assumint AluminiSaba SLU cap responsabilitat que es pugui derivar d'aquest acc\u00e9s.<\/p>\n\n\n\n<h3 class=\"wp-block-heading\"><strong>III. ACC\u00c9S I NAVEGACI\u00d3 AL LLOC WEB: EXCLUSI\u00d3 DE GARANTIES I RESPONSABILITAT<\/strong><\/h3>\n\n\n\n<p>AluminiSaba SLU no garanteix la continu\u00eftat, disponibilitat i utilitat del Lloc Web, ni dels Continguts o Serveis. AluminiSaba SLU far\u00e0 tot el possible pel bon funcionament del Lloc Web, per\u00f2, no es responsabilitza ni garanteix que l'acc\u00e9s a aquest Lloc Web no sigui ininterromput o que estigui lliure d'error.<\/p>\n\n\n\n<p>Tampoc no es responsabilitza o garanteix que el contingut o programari al qual es pugui accedir a trav\u00e9s d'aquest Lloc Web, estigui lliure d'error o causi un dany al sistema inform\u00e0tic (programari i maquinari) de l'Usuari. En cap cas AluminiSaba SLU ser\u00e0 responsable per les p\u00e8rdues, danys o perjudicis de qualsevol tipus que sorgeixin per l'acc\u00e9s, la navegaci\u00f3 i l'\u00fas del Lloc Web, incloent-hi, per\u00f2 no limitant-se, els ocasionats als sistemes inform\u00e0tics o els provocats per la introducci\u00f3 de virus.<\/p>\n\n\n\n<p>AluminiSaba SLU tampoc no es fa responsable dels danys que poguessin ocasionar-se als usuaris per un \u00fas inadequat d'aquest Lloc Web. En particular, no es fa responsable de cap manera de les caigudes, interrupcions, falta o defecte de les telecomunicacions que poguessin oc\u00f3rrer.<\/p>\n\n\n\n<h3 class=\"wp-block-heading\"><strong>IV. POL\u00cdTICA D'ENLLA\u00c7OS<\/strong><\/h3>\n\n\n\n<p>S'informa que el Lloc Web d'AluminiSaba SLU posa o pot posar a disposici\u00f3 dels usuaris mitjans d'enlla\u00e7 (com, entre d'altres, links, banners, botons), directoris i motors de cerca que permeten als usuaris accedir a llocs web pertanyents i\/o gestionats per tercers.<\/p>\n\n\n\n<p>La instal\u00b7laci\u00f3 d'aquests enlla\u00e7os, directoris i motors de cerca al Lloc Web t\u00e9 per objecte facilitar als Usuaris la cerca i acc\u00e9s a la informaci\u00f3 disponible a Internet, sense que es pugui considerar un suggeriment, recomanaci\u00f3 o invitaci\u00f3 per visitar-los.<\/p>\n\n\n\n<p>AluminiSaba SLU no ofereix ni comercialitza per si ni per mitj\u00e0 de tercers els productes i\/o serveis disponibles en aquests llocs enlla\u00e7ats.<\/p>\n\n\n\n<p>Aix\u00ed mateix, tampoc garantir\u00e0 la disponibilitat t\u00e8cnica, exactitud, veracitat, validesa o legalitat de llocs aliens a la seva propietat a qu\u00e8 es pugui accedir per mitj\u00e0 dels enlla\u00e7os.<\/p>\n\n\n\n<p>AluminiSaba SLU en cap cas revisar\u00e0 o controlar\u00e0 el contingut d'altres llocs web, aix\u00ed com tampoc aprova, examina ni fa propis els productes i serveis, continguts, arxius i qualsevol altre material existent als referits llocs enlla\u00e7ats.<\/p>\n\n\n\n<p>AluminiSaba SLU no assumeix cap responsabilitat pels danys i perjudicis que poguessin produir-se per l'acc\u00e9s, \u00fas, qualitat o licitud dels continguts, comunicacions, opinions, productes i serveis dels llocs web no gestionats per AluminiSaba SLU i que siguin enlla\u00e7ats a aquest Lloc Web.<\/p>\n\n\n\n<p>L'Usuari o tercer que faci un hiperenlla\u00e7 des d'una p\u00e0gina web d'un altre, diferent, lloc web al Lloc Web d'AluminiSaba SLU haur\u00e0 de saber que:<\/p>\n\n\n\n<p>No es permet la reproducci\u00f3 \u2014totalment o parcialment\u2014 de cap dels Continguts i\/o Serveis del Lloc Web sense autoritzaci\u00f3 expressa d'AluminiSaba SLU.<\/p>\n\n\n\n<p>No es permet tampoc cap manifestaci\u00f3 falsa, inexacta o incorrecta sobre el Lloc Web d'AluminiSaba SLU, ni sobre els seus Continguts i\/o Serveis.<\/p>\n\n\n\n<p>A excepci\u00f3 de l'hiperenlla\u00e7, el lloc web en qu\u00e8 s'estableixi aquest hiperenlla\u00e7 no contindr\u00e0 cap element, d'aquest Lloc Web, protegit com a propietat intel\u00b7lectual per l'ordenament jur\u00eddic espanyol, llevat d'autoritzaci\u00f3 expressa d'AluminiSaba SLU.<\/p>\n\n\n\n<p>L'establiment de l'hiperenlla\u00e7 no implicar\u00e0 l'exist\u00e8ncia de relacions entre AluminiSaba SLU i el titular del lloc web des del qual es realitzi, ni el coneixement i l'acceptaci\u00f3 d'AluminiSaba SLU dels continguts, serveis i\/o activitats ofertes en aquest lloc web, i viceversa.<\/p>\n\n\n\n<h3 class=\"wp-block-heading\"><strong>V. PROPIETAT INTEL\u00b7LECTUAL I INDUSTRIAL<\/strong><\/h3>\n\n\n\n<p>AluminiSaba SLU per si o com a part cession\u00e0ria, \u00e9s titular de tots els drets de propietat intel\u00b7lectual i industrial del Lloc Web, aix\u00ed com dels elements continguts en aquest (a t\u00edtol enunciatiu i no exhaustiu, imatges, so, \u00e0udio, v\u00eddeo, programari o textos, marques o logotips, combinacions de colors, estructura i disseny, selecci\u00f3 de materials usats, programes d'ordinador. Seran, per tant, obres protegides com a propietat intel\u00b7lectual per l'ordenament jur\u00eddic espanyol, i els seran aplicables tant la normativa espanyola i comunit\u00e0ria en aquest camp, com els tractats internacionals relatius a la mat\u00e8ria i subscrits per Espanya.<\/p>\n\n\n\n<p>Tots els drets reservats. En virtut del que disposa la Llei de propietat intel\u00b7lectual, queden expressament prohibides la reproducci\u00f3, la distribuci\u00f3 i la comunicaci\u00f3 p\u00fablica, inclosa la seva modalitat de posada a disposici\u00f3, de la totalitat o part dels continguts d'aquesta p\u00e0gina web, amb fins comercials, en qualsevol suport i per qualsevol mitj\u00e0 t\u00e8cnic, sense l'autoritzaci\u00f3 d'AluminiSaba SLU.<\/p>\n\n\n\n<p>L'usuari es compromet a respectar els drets de propietat intel\u00b7lectual i industrial d'AluminiSaba SLU. Podreu visualitzar els elements del Lloc Web o fins i tot imprimir-los, copiar-los i emmagatzemar-los al disc dur del vostre ordinador o en qualsevol altre suport f\u00edsic sempre que sigui, exclusivament, per al seu \u00fas personal. L'Usuari, per\u00f2, no podr\u00e0 suprimir, alterar, o manipular qualsevol dispositiu de protecci\u00f3 o sistema de seguretat que estigu\u00e9s instal\u00b7lat al Lloc Web.<\/p>\n\n\n\n<p>En cas que l'Usuari o tercer consideri que qualsevol dels Continguts del Lloc Web suposi una violaci\u00f3 dels drets de protecci\u00f3 de la propietat intel\u00b7lectual, ho haur\u00e0 de comunicar immediatament a AluminiSaba SLU a trav\u00e9s de les dades de contacte de l'apartat d'INFORMACI\u00d3 GENERAL d'aquest Av\u00eds Legal i Condicions Generals d'\u00das.<\/p>\n\n\n\n<h3 class=\"wp-block-heading\"><strong>VI. ACCIONS LEGALS, LEGISLACI\u00d3 APLICABLE I JURISDICCI\u00d3<\/strong><\/h3>\n\n\n\n<p>AluminiSaba SLU es reserva la facultat de presentar les accions civils o penals que consideri necess\u00e0ries per la utilitzaci\u00f3 indeguda del Lloc Web i Continguts, o per l'incompliment de les presents Condicions.<\/p>\n\n\n\n<p>La relaci\u00f3 entre l'Usuari i AluminiSaba SLU es regir\u00e0 per la normativa vigent i aplicable al territori espanyol. Si sorgeix qualsevol controv\u00e8rsia en relaci\u00f3 amb la interpretaci\u00f3 i\/o l'aplicaci\u00f3 d'aquestes Condicions, les parts sotmetran els seus conflictes a la jurisdicci\u00f3 ordin\u00e0ria sotmetent-se als jutges i tribunals que corresponguin d'acord amb el dret.<\/p>\n<\/div><\/div>","protected":false},"excerpt":{"rendered":"<p>AVISO LEGAL Y CONDICIONES GENERALES DE USO www.aluminisaba.com I. INFORMACI\u00d3N GENERAL En cumplimiento con el deber de informaci\u00f3n dispuesto en [&hellip;]<\/p>\n","protected":false},"author":4,"featured_media":0,"parent":0,"menu_order":0,"comment_status":"closed","ping_status":"closed","template":"","meta":{"_uag_custom_page_level_css":"","_monsterinsights_skip_tracking":false,"_monsterinsights_sitenote_active":false,"_monsterinsights_sitenote_note":"","_monsterinsights_sitenote_category":0,"site-sidebar-layout":"default","site-content-layout":"","ast-site-content-layout":"default","site-content-style":"default","site-sidebar-style":"default","ast-global-header-display":"","ast-banner-title-visibility":"","ast-main-header-display":"","ast-hfb-above-header-display":"","ast-hfb-below-header-display":"","ast-hfb-mobile-header-display":"","site-post-title":"disabled","ast-breadcrumbs-content":"","ast-featured-img":"","footer-sml-layout":"","ast-disable-related-posts":"","theme-transparent-header-meta":"","adv-header-id-meta":"","stick-header-meta":"","header-above-stick-meta":"","header-main-stick-meta":"","header-below-stick-meta":"","astra-migrate-meta-layouts":"default","ast-page-background-enabled":"default","ast-page-background-meta":{"desktop":{"background-color":"var(--ast-global-color-4)","background-image":"","background-repeat":"repeat","background-position":"center center","background-size":"auto","background-attachment":"scroll","background-type":"","background-media":"","overlay-type":"","overlay-color":"","overlay-opacity":"","overlay-gradient":""},"tablet":{"background-color":"","background-image":"","background-repeat":"repeat","background-position":"center center","background-size":"auto","background-attachment":"scroll","background-type":"","background-media":"","overlay-type":"","overlay-color":"","overlay-opacity":"","overlay-gradient":""},"mobile":{"background-color":"","background-image":"","background-repeat":"repeat","background-position":"center center","background-size":"auto","background-attachment":"scroll","background-type":"","background-media":"","overlay-type":"","overlay-color":"","overlay-opacity":"","overlay-gradient":""}},"ast-content-background-meta":{"desktop":{"background-color":"var(--ast-global-color-5)","background-image":"","background-repeat":"repeat","background-position":"center center","background-size":"auto","background-attachment":"scroll","background-type":"","background-media":"","overlay-type":"","overlay-color":"","overlay-opacity":"","overlay-gradient":""},"tablet":{"background-color":"var(--ast-global-color-5)","background-image":"","background-repeat":"repeat","background-position":"center center","background-size":"auto","background-attachment":"scroll","background-type":"","background-media":"","overlay-type":"","overlay-color":"","overlay-opacity":"","overlay-gradient":""},"mobile":{"background-color":"var(--ast-global-color-5)","background-image":"","background-repeat":"repeat","background-position":"center center","background-size":"auto","background-attachment":"scroll","background-type":"","background-media":"","overlay-type":"","overlay-color":"","overlay-opacity":"","overlay-gradient":""}},"footnotes":""},"class_list":["post-1741","page","type-page","status-publish","hentry"],"aioseo_notices":[],"uagb_featured_image_src":{"full":false,"thumbnail":false,"medium":false,"medium_large":false,"large":false,"1536x1536":false,"2048x2048":false,"trp-custom-language-flag":false},"uagb_author_info":{"display_name":"Quel","author_link":"https:\/\/aluminisaba.com\/ca\/author\/cmoi5zscg9va\/"},"uagb_comment_info":0,"uagb_excerpt":"AVISO LEGAL Y CONDICIONES GENERALES DE USO www.aluminisaba.com I. INFORMACI\u00d3N GENERAL En cumplimiento con el deber de informaci\u00f3n dispuesto en [&hellip;]","_links":{"self":[{"href":"https:\/\/aluminisaba.com\/ca\/wp-json\/wp\/v2\/pages\/1741","targetHints":{"allow":["GET"]}}],"collection":[{"href":"https:\/\/aluminisaba.com\/ca\/wp-json\/wp\/v2\/pages"}],"about":[{"href":"https:\/\/aluminisaba.com\/ca\/wp-json\/wp\/v2\/types\/page"}],"author":[{"embeddable":true,"href":"https:\/\/aluminisaba.com\/ca\/wp-json\/wp\/v2\/users\/4"}],"replies":[{"embeddable":true,"href":"https:\/\/aluminisaba.com\/ca\/wp-json\/wp\/v2\/comments?post=1741"}],"version-history":[{"count":21,"href":"https:\/\/aluminisaba.com\/ca\/wp-json\/wp\/v2\/pages\/1741\/revisions"}],"predecessor-version":[{"id":1880,"href":"https:\/\/aluminisaba.com\/ca\/wp-json\/wp\/v2\/pages\/1741\/revisions\/1880"}],"wp:attachment":[{"href":"https:\/\/aluminisaba.com\/ca\/wp-json\/wp\/v2\/media?parent=1741"}],"curies":[{"name":"wp","href":"https:\/\/api.w.org\/{rel}","templated":true}]}}