{"id":1411,"date":"2025-08-06T15:03:13","date_gmt":"2025-08-06T13:03:13","guid":{"rendered":"http:\/\/localhost:8080\/?page_id=1411"},"modified":"2025-10-07T12:46:02","modified_gmt":"2025-10-07T10:46:02","slug":"refine","status":"publish","type":"page","link":"https:\/\/aluminisaba.com\/ca\/refine\/","title":{"rendered":"Refine"},"content":{"rendered":"<div class=\"wp-block-uagb-container uagb-layout-flex uagb-block-9719c2f7 alignfull uagb-is-root-container\"><div class=\"uagb-container-inner-blocks-wrap\">\n<div class=\"wp-block-uagb-container uag-blocks-common-selector uagb-layout-flex uagb-block-bd571728\">\n<div class=\"wp-block-uagb-info-box uagb-block-99c0cc65 uagb-infobox__content-wrap  uagb-infobox-icon-above-title uagb-infobox-image-valign-top wp-block-uagb-info-box--has-margin\"><div class=\"uagb-infobox-margin-wrapper\"><div class=\"uagb-ifb-content\"><div class=\"uagb-ifb-title-wrap\"><p class=\"uagb-ifb-title-prefix\">Qualitat en Aluminis<\/p><h1 class=\"uagb-ifb-title\">REFINE \u00ae<\/h1><\/div><p class=\"uagb-ifb-desc\">\u00c9s l'exclusiva gamma de tancaments fabricats en alumini per ambdues cares i \u00e0nima de PVC Reciclat, amb un sistema totalment industrialitzat, en origen. Oferir les m\u00e0ximes propietats d\u00b4a\u00efllament t\u00e8rmic i ac\u00fastic, seguretat, disseny i sostenibilitat s\u00f3n claus per als projectes de rehabilitaci\u00f3 i obra nova.<\/p><\/div><\/div><\/div>\n<\/div>\n\n\n\n<div data-aos= \"fade-left\" data-aos-duration=\"400\" data-aos-delay=\"0\" data-aos-easing=\"ease\" data-aos-once=\"true\" class=\"wp-block-uagb-container uag-blocks-common-selector uagb-layout-flex uagb-block-e3f00284\">\n<div class=\"wp-block-uagb-info-box uagb-block-e777c7e3 uagb-infobox__content-wrap  uagb-infobox-icon-above-title uagb-infobox-image-valign-top\"><div class=\"uagb-ifb-content\"><div class=\"uagb-ifb-icon-wrap\"><svg xmlns=\"https:\/\/www.w3.org\/2000\/svg\" viewbox=\"0 0 448 512\"><path d=\"M96 96C42.98 96 0 138.1 0 192s42.98 96 96 96c11.28 0 21.95-2.305 32-5.879V288c0 35.3-28.7 64-64 64c-17.67 0-32 14.33-32 32s14.33 32 32 32c70.58 0 128-57.42 128-128V192C192 138.1 149 96 96 96zM448 192c0-53.02-42.98-96-96-96s-96 42.98-96 96s42.98 96 96 96c11.28 0 21.95-2.305 32-5.879V288c0 35.3-28.7 64-64 64c-17.67 0-32 14.33-32 32s14.33 32 32 32c70.58 0 128-57.42 128-128V192z\"><\/path><\/svg><\/div><div class=\"uagb-ifb-title-wrap\"><p class=\"uagb-ifb-title\">Des dels nostres inicis a AluminiSaba, hem buscat oferir solucions innovadores i d'alta qualitat als nostres clients. La gamma REFINE\u00ae \u00e9s resultat d'aquest comprom\u00eds.<\/p><\/div><p class=\"uagb-ifb-desc\">\u2014 Ra\u00fal S\u00e1nchez, Fundador d'AluminiSaba<\/p><\/div><\/div>\n<\/div>\n<\/div><\/div>\n\n\n\n<div class=\"wp-block-uagb-container uagb-block-dfc0a7c1 alignfull uagb-is-root-container\"><div class=\"uagb-container-inner-blocks-wrap\">\n<div class=\"wp-block-uagb-advanced-heading uagb-block-cdb91b2d\"><p class=\"uagb-desc-text\">Gammes de productes REFINE \u00ae<\/p><h2 class=\"uagb-heading-text\">On el disseny troba la sostenibilitat<\/h2><\/div>\n\n\n\n<div class=\"wp-block-uagb-container uagb-layout-grid uagb-block-2209b47a\">\n<div data-aos= \"flip-left\" data-aos-duration=\"400\" data-aos-delay=\"0\" data-aos-easing=\"ease\" data-aos-once=\"true\" class=\"wp-block-uagb-container uagb-layout-flex uagb-block-5af5739b\">\n<div class=\"wp-block-uagb-info-box uagb-block-9c0c776a uagb-infobox__content-wrap  uagb-infobox-icon-above-title uagb-infobox-image-valign-top wp-block-uagb-info-box--has-margin\"><div class=\"uagb-infobox-margin-wrapper\"><div class=\"uagb-ifb-content\"><div class=\"uagb-ifb-title-wrap\"><h3 class=\"uagb-ifb-title-prefix\">01<\/h3><h4 class=\"uagb-ifb-title\">Triple Vidrio<\/h4><\/div><\/div><\/div><\/div>\n<\/div>\n\n\n\n<div data-aos= \"flip-left\" data-aos-duration=\"400\" data-aos-delay=\"0\" data-aos-easing=\"ease\" data-aos-once=\"true\" class=\"wp-block-uagb-container uagb-layout-flex uagb-block-4a20dedf\">\n<div class=\"wp-block-uagb-info-box uagb-block-15abe719 uagb-infobox__content-wrap  uagb-infobox-icon-above-title uagb-infobox-image-valign-top\"><div class=\"uagb-ifb-content\"><div class=\"uagb-ifb-title-wrap\"><h3 class=\"uagb-ifb-title-prefix\">02<\/h3><h4 class=\"uagb-ifb-title\">Hoja Oculta<\/h4><\/div><\/div><\/div>\n<\/div>\n\n\n\n<div data-aos= \"flip-left\" data-aos-duration=\"400\" data-aos-delay=\"0\" data-aos-easing=\"ease\" data-aos-once=\"true\" class=\"wp-block-uagb-container uagb-layout-flex uagb-block-3035335f\">\n<div class=\"wp-block-uagb-info-box uagb-block-84bc40f8 uagb-infobox__content-wrap  uagb-infobox-icon-above-title uagb-infobox-image-valign-top\"><div class=\"uagb-ifb-content\"><div class=\"uagb-ifb-title-wrap\"><h3 class=\"uagb-ifb-title-prefix\">03<\/h3><h4 class=\"uagb-ifb-title\">Hoja Certificada Passivhaus<\/h4><\/div><\/div><\/div>\n<\/div>\n\n\n\n<div data-aos= \"flip-left\" data-aos-duration=\"400\" data-aos-delay=\"0\" data-aos-easing=\"ease\" data-aos-once=\"true\" class=\"wp-block-uagb-container uagb-layout-flex uagb-block-fc40851b\">\n<div class=\"wp-block-uagb-info-box uagb-block-6668b4e3 uagb-infobox__content-wrap  uagb-infobox-icon-above-title uagb-infobox-image-valign-top\"><div class=\"uagb-ifb-content\"><div class=\"uagb-ifb-title-wrap\"><h3 class=\"uagb-ifb-title-prefix\">04<\/h3><h4 class=\"uagb-ifb-title\">Hoja Semi oculta<\/h4><\/div><\/div><\/div>\n<\/div>\n\n\n\n<div data-aos= \"flip-left\" data-aos-duration=\"400\" data-aos-delay=\"0\" data-aos-easing=\"ease\" data-aos-once=\"true\" class=\"wp-block-uagb-container uagb-layout-flex uagb-block-5b021f36\">\n<div class=\"wp-block-uagb-info-box uagb-block-fb94d7cf uagb-infobox__content-wrap  uagb-infobox-icon-above-title uagb-infobox-image-valign-top\"><div class=\"uagb-ifb-content\"><div class=\"uagb-ifb-title-wrap\"><h3 class=\"uagb-ifb-title-prefix\">05<\/h3><h4 class=\"uagb-ifb-title\">Refine Glass<\/h4><\/div><\/div><\/div>\n<\/div>\n\n\n\n<div data-aos= \"flip-left\" data-aos-duration=\"400\" data-aos-delay=\"0\" data-aos-easing=\"ease\" data-aos-once=\"true\" class=\"wp-block-uagb-container uagb-layout-flex uagb-block-0f425b93\">\n<div class=\"wp-block-uagb-info-box uagb-block-2074e1b6 uagb-infobox__content-wrap  uagb-infobox-icon-above-title uagb-infobox-image-valign-top\"><div class=\"uagb-ifb-content\"><div class=\"uagb-ifb-title-wrap\"><h3 class=\"uagb-ifb-title-prefix\">06<\/h3><h4 class=\"uagb-ifb-title\">Corredera Refine<\/h4><\/div><\/div><\/div>\n<\/div>\n<\/div>\n\n\n\n<div class=\"wp-block-uagb-buttons uagb-buttons__outer-wrap uagb-btn__default-btn uagb-btn-tablet__default-btn uagb-btn-mobile__default-btn uagb-block-37a400b6\"><div class=\"uagb-buttons__wrap uagb-buttons-layout-wrap\">\n<div class=\"wp-block-uagb-buttons-child uagb-buttons__outer-wrap uagb-block-67ebb824 wp-block-button\"><div class=\"uagb-button__wrapper\"><a class=\"uagb-buttons-repeater ast-outline-button\" aria-label=\"\" style=\"border-width:revert-layer\" href=\"\/ca\/productos\/\" rel=\"follow noopener\" target=\"_self\" role=\"button\"><div class=\"uagb-button__link\">Veure els nostres productes<\/div><\/a><\/div><\/div>\n<\/div><\/div>\n<\/div><\/div>\n\n\n\n<div class=\"wp-block-uagb-container uagb-layout-flex uagb-block-05314e7e alignfull uagb-is-root-container\"><div class=\"uagb-container-inner-blocks-wrap\">\n<div class=\"wp-block-uagb-info-box uagb-block-8ce7620c uagb-infobox__content-wrap  uagb-infobox-icon-above-title uagb-infobox-image-valign-top wp-block-uagb-info-box--has-margin\"><div class=\"uagb-infobox-margin-wrapper\"><div class=\"uagb-ifb-content\"><div class=\"uagb-ifb-title-wrap\"><p class=\"uagb-ifb-title-prefix\">No esperis m\u00e9s<\/p><h1 class=\"uagb-ifb-title\">Demana el teu pressupost avui mateix<\/h1><\/div><p class=\"uagb-ifb-desc\">Estem aqu\u00ed per ajudar-te a trobar la millor soluci\u00f3 a fusteria d'alumini per als teus projectes.<\/p><div class=\"uagb-ifb-button-wrapper wp-block-button\"><a href=\"\/ca\/contacto\/\" class=\"uagb-infobox-cta-link wp-block-button__link\" target=\"_self\" rel=\"noopener noreferrer\" onclick=\"return true;\"><span class=\"uagb-inline-editing\">Demana pressupost<\/span><\/a><\/div><\/div><\/div><\/div>\n\n\n\n<div class=\"wp-block-uagb-advanced-heading uagb-block-341ebfb8\"><div class=\"uagb-heading-text\">O<\/div><\/div>\n\n\n\n<div class=\"wp-block-uagb-advanced-heading uagb-block-fb2399ce\"><p class=\"uagb-heading-text\">Truca al <a href=\"tel:+34607861729\" target=\"_blank\" rel=\"noreferrer noopener\">607 861 729<\/a><\/p><\/div>\n<\/div><\/div>","protected":false},"excerpt":{"rendered":"<p>Gamas de productos REFINE \u00ae Donde el dise\u00f1o encuentra la sostenibilidad<\/p>","protected":false},"author":4,"featured_media":0,"parent":0,"menu_order":0,"comment_status":"closed","ping_status":"closed","template":"","meta":{"_uag_custom_page_level_css":"","_monsterinsights_skip_tracking":false,"_monsterinsights_sitenote_active":false,"_monsterinsights_sitenote_note":"","_monsterinsights_sitenote_category":0,"site-sidebar-layout":"default","site-content-layout":"","ast-site-content-layout":"default","site-content-style":"default","site-sidebar-style":"default","ast-global-header-display":"","ast-banner-title-visibility":"","ast-main-header-display":"","ast-hfb-above-header-display":"","ast-hfb-below-header-display":"","ast-hfb-mobile-header-display":"","site-post-title":"disabled","ast-breadcrumbs-content":"","ast-featured-img":"","footer-sml-layout":"","ast-disable-related-posts":"","theme-transparent-header-meta":"","adv-header-id-meta":"","stick-header-meta":"","header-above-stick-meta":"","header-main-stick-meta":"","header-below-stick-meta":"","astra-migrate-meta-layouts":"default","ast-page-background-enabled":"default","ast-page-background-meta":{"desktop":{"background-color":"var(--ast-global-color-4)","background-image":"","background-repeat":"repeat","background-position":"center center","background-size":"auto","background-attachment":"scroll","background-type":"","background-media":"","overlay-type":"","overlay-color":"","overlay-opacity":"","overlay-gradient":""},"tablet":{"background-color":"","background-image":"","background-repeat":"repeat","background-position":"center center","background-size":"auto","background-attachment":"scroll","background-type":"","background-media":"","overlay-type":"","overlay-color":"","overlay-opacity":"","overlay-gradient":""},"mobile":{"background-color":"","background-image":"","background-repeat":"repeat","background-position":"center center","background-size":"auto","background-attachment":"scroll","background-type":"","background-media":"","overlay-type":"","overlay-color":"","overlay-opacity":"","overlay-gradient":""}},"ast-content-background-meta":{"desktop":{"background-color":"var(--ast-global-color-5)","background-image":"","background-repeat":"repeat","background-position":"center center","background-size":"auto","background-attachment":"scroll","background-type":"","background-media":"","overlay-type":"","overlay-color":"","overlay-opacity":"","overlay-gradient":""},"tablet":{"background-color":"var(--ast-global-color-5)","background-image":"","background-repeat":"repeat","background-position":"center center","background-size":"auto","background-attachment":"scroll","background-type":"","background-media":"","overlay-type":"","overlay-color":"","overlay-opacity":"","overlay-gradient":""},"mobile":{"background-color":"var(--ast-global-color-5)","background-image":"","background-repeat":"repeat","background-position":"center center","background-size":"auto","background-attachment":"scroll","background-type":"","background-media":"","overlay-type":"","overlay-color":"","overlay-opacity":"","overlay-gradient":""}},"footnotes":""},"class_list":["post-1411","page","type-page","status-publish","hentry"],"aioseo_notices":[],"uagb_featured_image_src":{"full":false,"thumbnail":false,"medium":false,"medium_large":false,"large":false,"1536x1536":false,"2048x2048":false,"trp-custom-language-flag":false},"uagb_author_info":{"display_name":"Quel","author_link":"https:\/\/aluminisaba.com\/ca\/author\/cmoi5zscg9va\/"},"uagb_comment_info":0,"uagb_excerpt":"Gamas de productos REFINE \u00ae Donde el dise\u00f1o encuentra la sostenibilidad","_links":{"self":[{"href":"https:\/\/aluminisaba.com\/ca\/wp-json\/wp\/v2\/pages\/1411","targetHints":{"allow":["GET"]}}],"collection":[{"href":"https:\/\/aluminisaba.com\/ca\/wp-json\/wp\/v2\/pages"}],"about":[{"href":"https:\/\/aluminisaba.com\/ca\/wp-json\/wp\/v2\/types\/page"}],"author":[{"embeddable":true,"href":"https:\/\/aluminisaba.com\/ca\/wp-json\/wp\/v2\/users\/4"}],"replies":[{"embeddable":true,"href":"https:\/\/aluminisaba.com\/ca\/wp-json\/wp\/v2\/comments?post=1411"}],"version-history":[{"count":116,"href":"https:\/\/aluminisaba.com\/ca\/wp-json\/wp\/v2\/pages\/1411\/revisions"}],"predecessor-version":[{"id":1852,"href":"https:\/\/aluminisaba.com\/ca\/wp-json\/wp\/v2\/pages\/1411\/revisions\/1852"}],"wp:attachment":[{"href":"https:\/\/aluminisaba.com\/ca\/wp-json\/wp\/v2\/media?parent=1411"}],"curies":[{"name":"wp","href":"https:\/\/api.w.org\/{rel}","templated":true}]}}